{"id":8,"date":"2015-06-19T15:31:19","date_gmt":"2015-06-19T15:31:19","guid":{"rendered":"http:\/\/dieter-roettger.de\/?page_id=8"},"modified":"2015-07-19T13:22:01","modified_gmt":"2015-07-19T11:22:01","slug":"impressum","status":"publish","type":"page","link":"https:\/\/dieter-roettger.de\/?page_id=8","title":{"rendered":"Impressum"},"content":{"rendered":"<p>J\u00f6rg Bergmann<br \/>\nWilhelminenplatz 5<br \/>\n64283 Darmstadt<\/p>\n<p><a title=\"Email\" href=\"mailto:joergber@dieter-roettger.de\" target=\"_blank\">joergber(at)dieter-roettger(dot)de<\/a><br \/>\nDie grafische Gestaltung, die einzelnen Elemente sowie die Inhalte der Homepage sind urheberrechtlich gesch\u00fctzt. Dies gilt auch f\u00fcr die redaktionellen Beitr\u00e4ge sowie deren Auswahl und Zusammenstellung. Weiterverwendung und Vervielf\u00e4ltigung sind nur in den engen Grenzen des Urheberrechtsgesetzes zu privaten oder journalistischen Zwecken gestattet (zur Verwendung von Bildern siehe gesonderten Absatz).<\/p>\n<p>F\u00fcr Sch\u00e4den, die aus der Nutzung dieser Webseite und deren Inhalte entstehen, wird keine Haftung \u00fcbernommen. Der Haftungsausschluss betrifft s\u00e4mtliche Sch\u00e4den, insbesondere Sch\u00e4den, die durch unrichtige Inhalte, Verlust oder L\u00f6schung von Daten, Viren oder in sonstiger Weise bei der Nutzung dieses Online-Angebots entstehen k\u00f6nnen.<\/p>\n<p>Auch wird keine Verantwortung f\u00fcr die Inhalte, Fehlerfreiheit und Rechtm\u00e4\u00dfigkeit von Webseiten Dritter \u00fcbernommen, auf die durch Links von dieser Webseite verwiesen wird. Die Nutzung von Internetseiten \u00fcber einen Link geschieht auf eigene Gefahr.<\/p>\n","protected":false},"excerpt":{"rendered":"<p>J\u00f6rg Bergmann Wilhelminenplatz 5 64283 Darmstadt joergber(at)dieter-roettger(dot)de Die grafische Gestaltung, die einzelnen Elemente sowie die Inhalte der Homepage sind urheberrechtlich gesch\u00fctzt. Dies gilt auch f\u00fcr die redaktionellen Beitr\u00e4ge sowie deren Auswahl und Zusammenstellung. Weiterverwendung und Vervielf\u00e4ltigung sind nur in den engen Grenzen des Urheberrechtsgesetzes zu privaten oder journalistischen Zwecken gestattet (zur Verwendung von Bildern siehe [&hellip;]<\/p>\n","protected":false},"author":1,"featured_media":0,"parent":0,"menu_order":0,"comment_status":"open","ping_status":"open","template":"","meta":{"footnotes":""},"class_list":["post-8","page","type-page","status-publish","hentry"],"_links":{"self":[{"href":"https:\/\/dieter-roettger.de\/index.php?rest_route=\/wp\/v2\/pages\/8","targetHints":{"allow":["GET"]}}],"collection":[{"href":"https:\/\/dieter-roettger.de\/index.php?rest_route=\/wp\/v2\/pages"}],"about":[{"href":"https:\/\/dieter-roettger.de\/index.php?rest_route=\/wp\/v2\/types\/page"}],"author":[{"embeddable":true,"href":"https:\/\/dieter-roettger.de\/index.php?rest_route=\/wp\/v2\/users\/1"}],"replies":[{"embeddable":true,"href":"https:\/\/dieter-roettger.de\/index.php?rest_route=%2Fwp%2Fv2%2Fcomments&post=8"}],"version-history":[{"count":2,"href":"https:\/\/dieter-roettger.de\/index.php?rest_route=\/wp\/v2\/pages\/8\/revisions"}],"predecessor-version":[{"id":25,"href":"https:\/\/dieter-roettger.de\/index.php?rest_route=\/wp\/v2\/pages\/8\/revisions\/25"}],"wp:attachment":[{"href":"https:\/\/dieter-roettger.de\/index.php?rest_route=%2Fwp%2Fv2%2Fmedia&parent=8"}],"curies":[{"name":"wp","href":"https:\/\/api.w.org\/{rel}","templated":true}]}}